{"id":1144,"date":"2024-05-13T17:34:21","date_gmt":"2024-05-13T15:34:21","guid":{"rendered":"http:\/\/inform-technologies-europe.com\/devops\/"},"modified":"2024-09-22T12:50:58","modified_gmt":"2024-09-22T10:50:58","slug":"devops","status":"publish","type":"page","link":"https:\/\/inform-technologies-europe.com\/en\/devops\/","title":{"rendered":"DevOps"},"content":{"rendered":"\t\t<div data-elementor-type=\"wp-page\" data-elementor-id=\"1144\" class=\"elementor elementor-1144\" data-elementor-post-type=\"page\">\n\t\t\t\t<div class=\"elementor-element elementor-element-5b6076cf e-flex e-con-boxed e-con e-parent\" data-id=\"5b6076cf\" data-element_type=\"container\" data-settings=\"{&quot;background_background&quot;:&quot;classic&quot;}\">\n\t\t\t\t\t<div class=\"e-con-inner\">\n\t\t\t\t<div class=\"elementor-element elementor-element-747ffc35 elementor-widget elementor-widget-heading\" data-id=\"747ffc35\" data-element_type=\"widget\" data-widget_type=\"heading.default\">\n\t\t\t\t<div class=\"elementor-widget-container\">\n\t\t\t<style>\/*! elementor - v3.22.0 - 26-06-2024 *\/\n.elementor-heading-title{padding:0;margin:0;line-height:1}.elementor-widget-heading .elementor-heading-title[class*=elementor-size-]>a{color:inherit;font-size:inherit;line-height:inherit}.elementor-widget-heading .elementor-heading-title.elementor-size-small{font-size:15px}.elementor-widget-heading .elementor-heading-title.elementor-size-medium{font-size:19px}.elementor-widget-heading .elementor-heading-title.elementor-size-large{font-size:29px}.elementor-widget-heading .elementor-heading-title.elementor-size-xl{font-size:39px}.elementor-widget-heading .elementor-heading-title.elementor-size-xxl{font-size:59px}<\/style><h2 class=\"elementor-heading-title elementor-size-default\">DevOps<\/h2>\t\t<\/div>\n\t\t\t\t<\/div>\n\t\t\t\t<div class=\"elementor-element elementor-element-74c03903 elementor-widget elementor-widget-text-editor\" data-id=\"74c03903\" data-element_type=\"widget\" data-widget_type=\"text-editor.default\">\n\t\t\t\t<div class=\"elementor-widget-container\">\n\t\t\t<style>\/*! elementor - v3.22.0 - 26-06-2024 *\/\n.elementor-widget-text-editor.elementor-drop-cap-view-stacked .elementor-drop-cap{background-color:#69727d;color:#fff}.elementor-widget-text-editor.elementor-drop-cap-view-framed .elementor-drop-cap{color:#69727d;border:3px solid;background-color:transparent}.elementor-widget-text-editor:not(.elementor-drop-cap-view-default) .elementor-drop-cap{margin-top:8px}.elementor-widget-text-editor:not(.elementor-drop-cap-view-default) .elementor-drop-cap-letter{width:1em;height:1em}.elementor-widget-text-editor .elementor-drop-cap{float:left;text-align:center;line-height:1;font-size:50px}.elementor-widget-text-editor .elementor-drop-cap-letter{display:inline-block}<\/style>\t\t\t\t<p>DevOps ist ein kollaborativer Ansatz zur Softwareentwicklung und zum IT-Betrieb, der darauf abzielt, Silos abzubauen, Prozesse zu automatisieren und kontinuierliche Integration und Bereitstellung zu f\u00f6rdern.<br \/>Mit besonderer Betonung auf Kommunikation, Zusammenarbeit und Automatisierung bef\u00e4higt dieser Ansatz Organisationen, ihre Software schneller, zuverl\u00e4ssiger und von h\u00f6herer Qualit\u00e4t zu liefern.<\/p>\t\t\t\t\t\t<\/div>\n\t\t\t\t<\/div>\n\t\t\t\t\t<\/div>\n\t\t\t\t<\/div>\n\t\t<div class=\"elementor-element elementor-element-a147617 e-flex e-con-boxed e-con e-parent\" data-id=\"a147617\" data-element_type=\"container\">\n\t\t\t\t\t<div class=\"e-con-inner\">\n\t\t<div class=\"elementor-element elementor-element-12e692a e-con-full e-flex e-con e-child\" data-id=\"12e692a\" data-element_type=\"container\">\n\t\t\t\t<div class=\"elementor-element elementor-element-4ea50802 elementor-widget elementor-widget-heading\" data-id=\"4ea50802\" data-element_type=\"widget\" data-widget_type=\"heading.default\">\n\t\t\t\t<div class=\"elementor-widget-container\">\n\t\t\t<h2 class=\"elementor-heading-title elementor-size-default\">Warum unsere DevOps w\u00e4hlen?<\/h2>\t\t<\/div>\n\t\t\t\t<\/div>\n\t\t\t\t<div class=\"elementor-element elementor-element-bb977d7 elementor-widget elementor-widget-text-editor\" data-id=\"bb977d7\" data-element_type=\"widget\" data-widget_type=\"text-editor.default\">\n\t\t\t\t<div class=\"elementor-widget-container\">\n\t\t\t\t\t\t\t<ul><li><strong>Kontinuierliche Integration (CI) und kontinuierliche Bereitstellung (CD): <\/strong>F\u00fcr das Automatisieren der Softwarebereitstellung haben wir uns auf die Implementierung von CI\/CD-Pipelines spezialisiert, was schnellere und zuverl\u00e4ssigere Releases mit weniger Fehlern und manuellen Eingriffen gestattet.<\/li><li><strong>Infrastruktur als Code (IaC):<\/strong> Mit unserem Fachwissen \u00fcber IaC-Prinzipien k\u00f6nnen wir Ihnen helfen, Infrastrukturressourcen programmgesteuert zu verwalten und bereitzustellen, um Best\u00e4ndigkeit, Skalierbarkeit und Effizienz umgebungsunabh\u00e4ngig sicherzustellen.<\/li><li><strong>Containerisierung mit Docker und Kubernetes:<\/strong> Wir nutzen Containerisierungstechnologien wie Docker und Kubernetes, um Apps in leichte, portable Container zu verpacken, sodass diese nahtlos bereitgestellt, skaliert und verwaltet werden k\u00f6nnen.<\/li><li><strong>\u00dcberwachung und Benachrichtigungen:<\/strong> Unsere DevOps-L\u00f6sungen umfassen robuste \u00dcberwachungs- und Benachrichtigungssysteme, die Echtzeit-Einblicke in den Zustand und die Leistung der App und Infrastruktur bieten. Auf diese Weise k\u00f6nnen Sie m\u00f6gliche Probleme rechtzeitig erkennen und entsprechend reagieren.<\/li><li><strong>Sicherheits- und Compliance-Automatisierung:<\/strong> Wir priorisieren Sicherheit und Compliance in allen Aspekten unserer DevOps-Praktiken und implementieren automatisierte Sicherheitskontrollen und Compliance-Checks, um sicherzustellen, dass Ihre Apps und Ihre Infrastruktur Branchenstandards erf\u00fcllen.<\/li><li><strong>Freigabemanagement:<\/strong> Unsere Freigabemanagementprozesse gew\u00e4hrleisten eine reibungslose und effiziente Bereitstellung von Softwareupdates und -freigaben, wodurch Ausfallzeiten und Betriebsst\u00f6rungen minimiert werden.<\/li><\/ul>\t\t\t\t\t\t<\/div>\n\t\t\t\t<\/div>\n\t\t\t\t<\/div>\n\t\t<div class=\"elementor-element elementor-element-10358eef e-con-full e-flex e-con e-child\" data-id=\"10358eef\" data-element_type=\"container\">\n\t\t\t\t<div class=\"elementor-element elementor-element-60c32ed4 elementor-widget elementor-widget-heading\" data-id=\"60c32ed4\" data-element_type=\"widget\" data-widget_type=\"heading.default\">\n\t\t\t\t<div class=\"elementor-widget-container\">\n\t\t\t<h3 class=\"elementor-heading-title elementor-size-default\">Unser Ansatz zu DevOps<\/h3>\t\t<\/div>\n\t\t\t\t<\/div>\n\t\t\t\t<div class=\"elementor-element elementor-element-6882a5b2 elementor-widget elementor-widget-text-editor\" data-id=\"6882a5b2\" data-element_type=\"widget\" data-widget_type=\"text-editor.default\">\n\t\t\t\t<div class=\"elementor-widget-container\">\n\t\t\t\t\t\t\t<ol><li><strong>Bewertung und Planung:<\/strong> Wir beginnen mit einer gr\u00fcndlichen Evaluierung Ihrer bestehenden Prozesse, Infrastruktur und Tools, um Verbesserungsbereiche und Automatisierungsm\u00f6glichkeiten zu identifizieren. Basierend auf den Ergebnissen, entwickeln wir einen ma\u00dfgeschneiderten DevOps-Fahrplan und Implementierungsplan, der sich mit Ihren Gesch\u00e4ftszielen und Priorit\u00e4ten deckt.<\/li><li><strong>Automatisierung und Werkzeuge:<\/strong> Wir bedienen uns einer breiten Palette von branchenf\u00fchrenden Tools und Technologien, um repetitive Aufgaben zu automatisieren und Ihre Bereitstellungspipeline zu optimieren. Von der Versionskontrolle und Build-Automatisierung bis hin zur Bereitstellungsorchestrierung und Infrastrukturverwaltung w\u00e4hlen und konfigurieren wir die richtigen Werkzeuge, die Ihren spezifischen Anforderungen entsprechen.<\/li><li><strong>Implementierung und Bereitstellung:<\/strong> Unsere DevOps-Ingenieure arbeiten eng mit Ihrem Team zusammen, um die in der Roadmap skizzierten DevOps-Praktiken und -Prozesse umzusetzen. Wir konfigurieren und implementieren Infrastruktur, richten CI\/CD-Pipelines ein und automatisieren Test- und Bereitstellungsworkflows, um eine reibungslose und effiziente Softwareverteilung zu gew\u00e4hrleisten.<\/li><li><strong>\u00dcberwachung und Optimierung:<\/strong> Sobald die DevOps-Praktiken implementiert sind, \u00fcberwachen wir fortw\u00e4hrend die Leistung und den Zustand Ihrer Apps und Infrastruktur. Hierf\u00fcr analysieren wir Metriken, Protokolle und Warnungen, um Verbesserungsbereiche zu identifizieren und zu optimieren.<\/li><\/ol>\t\t\t\t\t\t<\/div>\n\t\t\t\t<\/div>\n\t\t\t\t<\/div>\n\t\t\t\t\t<\/div>\n\t\t\t\t<\/div>\n\t\t<div class=\"elementor-element elementor-element-12e9ce3a e-flex e-con-boxed e-con e-parent\" data-id=\"12e9ce3a\" data-element_type=\"container\" data-settings=\"{&quot;background_background&quot;:&quot;classic&quot;}\">\n\t\t\t\t\t<div class=\"e-con-inner\">\n\t\t\t\t<div class=\"elementor-element elementor-element-5bc911f3 elementor-widget elementor-widget-heading\" data-id=\"5bc911f3\" data-element_type=\"widget\" data-widget_type=\"heading.default\">\n\t\t\t\t<div class=\"elementor-widget-container\">\n\t\t\t<h2 class=\"elementor-heading-title elementor-size-default\">Bereit f\u00fcr DevOps?<\/h2>\t\t<\/div>\n\t\t\t\t<\/div>\n\t\t\t\t<div class=\"elementor-element elementor-element-4e96222 elementor-widget elementor-widget-text-editor\" data-id=\"4e96222\" data-element_type=\"widget\" data-widget_type=\"text-editor.default\">\n\t\t\t\t<div class=\"elementor-widget-container\">\n\t\t\t\t\t\t\t<p>Bereit f\u00fcr Optimierung, Automatisierung und Innovation mit DevOps? Lassen Sie uns den Weg f\u00fcr Ihre digitale Transformation ebnen. Kontaktieren Sie uns noch heute.<\/p>\t\t\t\t\t\t<\/div>\n\t\t\t\t<\/div>\n\t\t\t\t<div class=\"elementor-element elementor-element-1f84505f elementor-align-center elementor-widget elementor-widget-button\" data-id=\"1f84505f\" data-element_type=\"widget\" data-widget_type=\"button.default\">\n\t\t\t\t<div class=\"elementor-widget-container\">\n\t\t\t\t\t<div class=\"elementor-button-wrapper\">\n\t\t\t<a class=\"elementor-button elementor-button-link elementor-size-sm\" href=\"http:\/\/inform-technologies-europe.com\/kontakt\/\">\n\t\t\t\t\t\t<span class=\"elementor-button-content-wrapper\">\n\t\t\t\t\t\t\t\t\t<span class=\"elementor-button-text\">Kostenlose Beratung<\/span>\n\t\t\t\t\t<\/span>\n\t\t\t\t\t<\/a>\n\t\t<\/div>\n\t\t\t\t<\/div>\n\t\t\t\t<\/div>\n\t\t\t\t\t<\/div>\n\t\t\t\t<\/div>\n\t\t\t\t<\/div>\n\t\t","protected":false},"excerpt":{"rendered":"<p>DevOps DevOps ist ein kollaborativer Ansatz zur Softwareentwicklung und zum IT-Betrieb, der darauf abzielt, Silos abzubauen, Prozesse zu automatisieren und kontinuierliche Integration und Bereitstellung zu f\u00f6rdern.Mit besonderer Betonung auf Kommunikation, Zusammenarbeit und Automatisierung bef\u00e4higt dieser Ansatz Organisationen, ihre Software schneller, zuverl\u00e4ssiger und von h\u00f6herer Qualit\u00e4t zu liefern. Warum unsere DevOps w\u00e4hlen? Kontinuierliche Integration (CI) und [&hellip;]<\/p>\n","protected":false},"author":1,"featured_media":0,"parent":0,"menu_order":0,"comment_status":"closed","ping_status":"closed","template":"","meta":{"footnotes":""},"class_list":["post-1144","page","type-page","status-publish","hentry"],"_links":{"self":[{"href":"https:\/\/inform-technologies-europe.com\/en\/wp-json\/wp\/v2\/pages\/1144","targetHints":{"allow":["GET"]}}],"collection":[{"href":"https:\/\/inform-technologies-europe.com\/en\/wp-json\/wp\/v2\/pages"}],"about":[{"href":"https:\/\/inform-technologies-europe.com\/en\/wp-json\/wp\/v2\/types\/page"}],"author":[{"embeddable":true,"href":"https:\/\/inform-technologies-europe.com\/en\/wp-json\/wp\/v2\/users\/1"}],"replies":[{"embeddable":true,"href":"https:\/\/inform-technologies-europe.com\/en\/wp-json\/wp\/v2\/comments?post=1144"}],"version-history":[{"count":18,"href":"https:\/\/inform-technologies-europe.com\/en\/wp-json\/wp\/v2\/pages\/1144\/revisions"}],"predecessor-version":[{"id":1620,"href":"https:\/\/inform-technologies-europe.com\/en\/wp-json\/wp\/v2\/pages\/1144\/revisions\/1620"}],"wp:attachment":[{"href":"https:\/\/inform-technologies-europe.com\/en\/wp-json\/wp\/v2\/media?parent=1144"}],"curies":[{"name":"wp","href":"https:\/\/api.w.org\/{rel}","templated":true}]}}